{"id":5716,"date":"2018-01-11T11:20:44","date_gmt":"2018-01-11T11:20:44","guid":{"rendered":"http:\/\/www.koukola2.cz.uvirt64.active24.cz\/vyvoj\/"},"modified":"2026-04-14T15:47:50","modified_gmt":"2026-04-14T15:47:50","slug":"entwicklung","status":"publish","type":"page","link":"https:\/\/www.koukola.cz\/de\/entwicklung\/","title":{"rendered":"ENTWICKLUNG"},"content":{"rendered":"<section class=\"wpb-content-wrapper\"><p>[vc_row][vc_column width=&#8220;1\/3&#8243;][vc_gallery type=&#8220;flexslider_slide&#8220; interval=&#8220;3&#8243; images=&#8220;5395,5396,5400,5399,5398,5397&#8243; img_size=&#8220;600X400&#8243; onclick=&#8220;img_link_large&#8220;][\/vc_column][vc_column width=&#8220;2\/3&#8243;][vc_custom_heading text=&#8220;SPANNVORRICHTUNGEN&#8220; font_container=&#8220;tag:h4|text_align:left&#8220; use_theme_fonts=&#8220;yes&#8220;][vc_column_text]Wir konstruieren und produzieren hydraulische sowie mechanische Bearbeitungsvorrichtungen f\u00fcr eigene Herstellungszwecke, sowie f\u00fcr den Verkauf an unsere Kunden.[\/vc_column_text][\/vc_column][\/vc_row][vc_row][vc_column][vc_separator][\/vc_column][\/vc_row][vc_row][vc_column width=&#8220;2\/3&#8243;][vc_custom_heading text=&#8220;MESS- UND KONTROLL-VORRICHTUNGEN&#8220; font_container=&#8220;tag:h4|text_align:left&#8220; use_theme_fonts=&#8220;yes&#8220;][vc_column_text]<\/p>\n<h6><em>WIR PRODUZIEREN UNSERE EIGENEN MESS- UND KONTROLL-VORRICHTUNGEN<\/em><\/h6>\n<p>Wir konstruieren und produzieren verschiedene Typen an Mess- und Kontroll-Vorrichtungen (Kontrolle der Lage, Form, Dichtheit, \u2026) f\u00fcr die Benutzung direkt in der Fertigung oder die Positionierung beim Messen mit dem automatischen Mess-System.[\/vc_column_text][\/vc_column][vc_column width=&#8220;1\/3&#8243;][vc_gallery type=&#8220;flexslider_slide&#8220; interval=&#8220;3&#8243; images=&#8220;5392,5393,5394&#8243; img_size=&#8220;600X400&#8243; onclick=&#8220;img_link_large&#8220;][\/vc_column][\/vc_row][vc_row][vc_column][vc_separator][\/vc_column][\/vc_row][vc_row][vc_column width=&#8220;1\/3&#8243;][vc_gallery type=&#8220;flexslider_slide&#8220; interval=&#8220;3&#8243; images=&#8220;5422,5424,5423,4203,4201,4207,4206,4205,4204,4208&#8243; img_size=&#8220;600X400&#8243; onclick=&#8220;img_link_large&#8220;][\/vc_column][vc_column width=&#8220;1\/3&#8243;][vc_video link=&#8220;https:\/\/youtu.be\/RvRi2ZEdrg0&#8243; el_width=&#8220;90&#8243; el_aspect=&#8220;43&#8243; src=&#8220;&#8222;https:\/\/www.youtube.com\/embed\/RvRi2ZEdrg0&#8222;&#8220; width=&#8220;&#8222;560&#8222;&#8220; height=&#8220;&#8222;315&#8222;&#8220; frameborder=&#8220;&#8222;0&#8222;&#8220;][\/vc_column][vc_column width=&#8220;1\/3&#8243;][vc_custom_heading text=&#8220;ROBOTISIERUNG UND AUTOMATISIERUNG&#8220; font_container=&#8220;tag:h4|text_align:left&#8220; use_theme_fonts=&#8220;yes&#8220;][vc_column_text]<\/p>\n<h6><em>WIR PROGRAMMIEREN UNSERE ROBOTER SELBST UND WIR BRINGEN IHNEN DIE PROZESSE BEI<\/em><\/h6>\n<p>Wir nutzen die Automatisierung um die Produktivit\u00e4t und Stabilisierung der Bearbeitungs-Prozesse zu erh\u00f6hen, aber auch f\u00fcr Kontroll- und zus\u00e4tzliche T\u00e4tigkeiten. Aktuell haben wir im Betrieb 6 Roboter implementiert.[\/vc_column_text][\/vc_column][\/vc_row][vc_row][vc_column][vc_separator][\/vc_column][\/vc_row][vc_row][vc_column width=&#8220;2\/3&#8243;][vc_custom_heading text=&#8220;PALETTIERYSTEM&#8220; font_container=&#8220;tag:h4|text_align:left&#8220; use_theme_fonts=&#8220;yes&#8220;][vc_column_text]Wir haben das 3-Achsen-Vertikal-Zentrum mit einem Palettier-System aus eigener Fertigung best\u00fcckt. Die Auswechslung der Teile erfolgt somit in \u00fcberlappender Zeit und spart somit einen wesentlichen Teil der Kapazit\u00e4ten. Aktuell haben wir zwei Palettier-Systeme im Betrieb.[\/vc_column_text][\/vc_column][vc_column width=&#8220;1\/3&#8243;][vc_gallery type=&#8220;flexslider_slide&#8220; interval=&#8220;3&#8243; images=&#8220;5453,5454,5460,5461,5462,5463,5464&#8243; img_size=&#8220;600X400&#8243; onclick=&#8220;img_link_large&#8220;][\/vc_column][\/vc_row][vc_row][vc_column][vc_separator][\/vc_column][\/vc_row][vc_row][vc_column width=&#8220;1\/3&#8243;][vc_gallery type=&#8220;flexslider_slide&#8220; interval=&#8220;3&#8243; images=&#8220;5456,5457,5458&#8243; img_size=&#8220;600X400&#8243; onclick=&#8220;img_link_large&#8220;][\/vc_column][vc_column width=&#8220;2\/3&#8243;][vc_custom_heading text=&#8220;AUTOMATISIERTE AUSGABE VON MESSMITTELN&#8220; font_container=&#8220;tag:h4|text_align:left&#8220; use_theme_fonts=&#8220;yes&#8220;][vc_column_text]Um den Prozess der Ausgabe von Messmitteln zu vereinfachen, haben wir eine automatisierte Ausgabe-Einrichtung entwickelt und konstruiert.<\/p>\n<p>Nach dem Anmelden mit Hilfe des RFID-Chips leihen sich die Arbeiter Messmittel aus, die sie im Prozess ben\u00f6tigen. Die Box zeigt an, wer welches Messmittel aktuell hat und an welchem Arbeitsplatz. Die Box kontrolliert die Kalibrierungszeitr\u00e4ume der Messmittel und Versendet einen Report per E-Mail. Falls ein Messmittel eine verfallene Kalibrierungsfrist hat, erlaubt sie dem Bediener nicht die Benutzung.[\/vc_column_text][\/vc_column][\/vc_row][vc_row][vc_column][vc_separator][\/vc_column][\/vc_row][vc_row][vc_column width=&#8220;1\/3&#8243;][vc_custom_heading text=&#8220;3D DRUCKER&#8220; font_container=&#8220;tag:h4|text_align:left&#8220; use_theme_fonts=&#8220;yes&#8220;][vc_column_text]<\/p>\n<p style=\"font-weight: 400;\">Wir haben die 3D-Drucktechnologie, die wir f\u00fcr die Herstellung von Mustern, Modellen, Spannkomponenten, Messinstrumenten.<\/p>\n<p>[\/vc_column_text][\/vc_column][vc_column width=&#8220;1\/3&#8243;][vc_single_image image=&#8220;5534&#8243; img_size=&#8220;full&#8220; css=&#8220;.vc_custom_1534964320047{margin-top: 50px !important;margin-left: 50px !important;}&#8220;][\/vc_column][vc_column width=&#8220;1\/3&#8243;][vc_single_image image=&#8220;5533&#8243; img_size=&#8220;full&#8220; css=&#8220;.vc_custom_1534964292710{margin-left: 100px !important;}&#8220;][\/vc_column][\/vc_row][vc_row][vc_column][vc_separator][\/vc_column][\/vc_row][vc_row][vc_column width=&#8220;1\/3&#8243;][vc_single_image image=&#8220;5196&#8243; img_size=&#8220;full&#8220; onclick=&#8220;img_link_large&#8220;][vc_single_image image=&#8220;5195&#8243; img_size=&#8220;full&#8220; onclick=&#8220;img_link_large&#8220;][\/vc_column][vc_column width=&#8220;2\/3&#8243;][vc_custom_heading text=&#8220;CNC CONTROL SPY 0.6&#8243; font_container=&#8220;tag:h4|text_align:left&#8220; use_theme_fonts=&#8220;yes&#8220;][vc_column_text]Angesichts des ziemlich umfangreichen Maschinen-Parks sind wir vor einer komplizierten Frage gestanden, wie wir die Nutzung ihrer Kapazit\u00e4t \u00fcberwachen. Nur mit dieser Information kann die Fertigung besser optimiert werden, eine maximale Ausnutzung der Maschinen sichergestellt werden und vor allem Reserven in der Benutzung des Zeit-Fonds gefunden werden.<\/p>\n<p>Aus diesem Grund haben wir in die Entwicklung einer neuen Software investiert, die CNC Control SPY 0.6 genannt wird. Sie arbeitet auf dem Prinzip der \u00dcberwachung der \u00c4nderung des Stromverbrauchs der einzelnen Maschinen abh\u00e4ngig von der Zeit. Die CNC Control SPY 0.6 erm\u00f6glicht auf \u00fcbersichtlichen Grafiken die On-Line-Situation im Betrieb zu \u00fcberwachen und mit ihrer Hilfe k\u00f6nnen auch Statistiken der Arbeitszeit-Ausnutzung, der Maschinenauslastung, Produktions-Anspr\u00fcgichkeit des konkreten Teiles erstellt werden.<\/p>\n<p>Nach der Einf\u00fchrung der CNC Control SPY 0.6 Software wurden sofort die kritischen Stellen in der Fertigung entdeckt und es wurden sofort korrigierende Ma\u00dfnahmen ergriffen. Die neue Software hat sich schnell bezahlt gemacht und zwar nicht nur durch die Optimierung der Fertigung. Es haben auch Firmen, die sich in einem \u00e4hnlichen Gebiet bewegen wie wir, Interesse an den Lizenzen f\u00fcr die Verwendung dieses Programms gezeigt.[\/vc_column_text][\/vc_column][\/vc_row][vc_row][vc_column][vc_separator][\/vc_column][\/vc_row][vc_row][vc_column width=&#8220;2\/3&#8243;][vc_custom_heading text=&#8220;SPC \u2013 DATENERFASSUNG&#8220; font_container=&#8220;tag:h4|text_align:left&#8220; use_theme_fonts=&#8220;yes&#8220;][vc_column_text]F\u00fcr die Erfassung und statistische Auswertung der Daten haben wir eine Anwendungssoftware entwickelt, die es uns erm\u00f6glicht direkt aus dem Prozess \u00fcbersichtliche Informationen \u00fcber die einzelnen Projekte und seine messbaren Charakteristiken zu erhalten. Die Software bestimmt, ob der angemeldete Benutzer f\u00fcr das Projekt kompetent ist und die notwendigen Erfahrungen hat, sie f\u00fchrt ihn durch die komplette Bekanntmachung mit dem Prozess und macht den Bediener nach der definierten Periode auf die Notwendigkeit des Messens der Fertigung und Aufzeichnung der Daten aufmerksam.[\/vc_column_text][\/vc_column][vc_column width=&#8220;1\/3&#8243;][vc_gallery type=&#8220;flexslider_slide&#8220; interval=&#8220;3&#8243; images=&#8220;5447,5448,5449,5450&#8243; img_size=&#8220;600X400&#8243; onclick=&#8220;img_link_large&#8220;][\/vc_column][\/vc_row]<\/p>\n<\/section>","protected":false},"excerpt":{"rendered":"<p>[vc_row][vc_column width=&#8220;1\/3&#8243;][vc_gallery type=&#8220;flexslider_slide&#8220; interval=&#8220;3&#8243; images=&#8220;5395,5396,5400,5399,5398,5397&#8243; img_size=&#8220;600X400&#8243; onclick=&#8220;img_link_large&#8220;][\/vc_column][vc_column width=&#8220;2\/3&#8243;][vc_custom_heading text=&#8220;SPANNVORRICHTUNGEN&#8220; font_container=&#8220;tag:h4|text_align:left&#8220; use_theme_fonts=&#8220;yes&#8220;][vc_column_text]Wir konstruieren und produzieren hydraulische sowie mechanische Bearbeitungsvorrichtungen f\u00fcr eigene Herstellungszwecke, sowie f\u00fcr den Verkauf an unsere Kunden.[\/vc_column_text][\/vc_column][\/vc_row][vc_row][vc_column][vc_separator][\/vc_column][\/vc_row][vc_row][vc_column width=&#8220;2\/3&#8243;][vc_custom_heading text=&#8220;MESS- UND KONTROLL-VORRICHTUNGEN&#8220; font_container=&#8220;tag:h4|text_align:left&#8220; use_theme_fonts=&#8220;yes&#8220;][vc_column_text] WIR PRODUZIEREN UNSERE EIGENEN MESS- UND KONTROLL-VORRICHTUNGEN Wir konstruieren und produzieren verschiedene Typen an Mess- und Kontroll-Vorrichtungen (Kontrolle der Lage, Form, [&hellip;]<\/p>\n","protected":false},"author":2,"featured_media":0,"parent":0,"menu_order":0,"comment_status":"closed","ping_status":"closed","template":"","meta":{"footnotes":""},"class_list":["post-5716","page","type-page","status-publish","hentry"],"_links":{"self":[{"href":"https:\/\/www.koukola.cz\/de\/wp-json\/wp\/v2\/pages\/5716","targetHints":{"allow":["GET"]}}],"collection":[{"href":"https:\/\/www.koukola.cz\/de\/wp-json\/wp\/v2\/pages"}],"about":[{"href":"https:\/\/www.koukola.cz\/de\/wp-json\/wp\/v2\/types\/page"}],"author":[{"embeddable":true,"href":"https:\/\/www.koukola.cz\/de\/wp-json\/wp\/v2\/users\/2"}],"replies":[{"embeddable":true,"href":"https:\/\/www.koukola.cz\/de\/wp-json\/wp\/v2\/comments?post=5716"}],"version-history":[{"count":6,"href":"https:\/\/www.koukola.cz\/de\/wp-json\/wp\/v2\/pages\/5716\/revisions"}],"predecessor-version":[{"id":7437,"href":"https:\/\/www.koukola.cz\/de\/wp-json\/wp\/v2\/pages\/5716\/revisions\/7437"}],"wp:attachment":[{"href":"https:\/\/www.koukola.cz\/de\/wp-json\/wp\/v2\/media?parent=5716"}],"curies":[{"name":"wp","href":"https:\/\/api.w.org\/{rel}","templated":true}]}}