{"id":5704,"date":"2018-01-11T11:23:18","date_gmt":"2018-01-11T11:23:18","guid":{"rendered":"http:\/\/www.koukola2.cz.uvirt64.active24.cz\/kontakt\/"},"modified":"2026-04-14T14:19:08","modified_gmt":"2026-04-14T14:19:08","slug":"contact","status":"publish","type":"page","link":"https:\/\/www.koukola.cz\/en\/contact\/","title":{"rendered":"Contact"},"content":{"rendered":"<section class=\"wpb-content-wrapper\"><p>[vc_row][vc_column width=&#8221;1\/2&#8243;][vc_row_inner][vc_column_inner][vc_column_text]<\/p>\n<h2 style=\"text-align: left;\">CONTACT<\/h2>\n<p>[\/vc_column_text][\/vc_column_inner][\/vc_row_inner][vc_row_inner][vc_column_inner][vc_column_text]<\/p>\n<h6>WORKSHOP, BILLING ADDRESS<\/h6>\n<p style=\"text-align: left;\"><strong>KOVO Koukola, s.r.o.<\/strong><br \/>\nJamsk\u00e1 2361\/51<br \/>\n591 01 \u017d\u010f\u00e1r nad S\u00e1zavou<br \/>\nCzech Republic<\/p>\n<p>ID:\u00a0269 273 06<br \/>\nVAT: CZ 269 273 06<\/p>\n<p>49\u00b033\u20199.092\u2033N, 15\u00b057\u201935.734\u2033E<\/p>\n<p>what3words\u00a0: \/\/\/doormat.locater.explores[\/vc_column_text][\/vc_column_inner][\/vc_row_inner][vc_column_text]<\/p>\n<table class=\" alignleft\">\n<tbody>\n<tr>\n<td><strong>Koukola Ale\u0161<\/strong><\/td>\n<td><strong>+420 608 440 144<\/strong><\/td>\n<\/tr>\n<tr>\n<td><strong>Koukola Petr<\/strong><\/td>\n<td><strong>+420 608 886 923<\/strong><\/td>\n<\/tr>\n<tr>\n<td><strong>Tel.:<\/strong><\/td>\n<td><strong>+420 566 535 019<\/strong><\/td>\n<\/tr>\n<tr>\n<td><strong>Tel.:<\/strong><\/td>\n<td><strong>+420 777 990 882<\/strong><\/td>\n<\/tr>\n<tr>\n<td><strong>E-mail:<\/strong><\/td>\n<td><strong><a href=\"mailto:kovo@koukola.cz\">kovo@koukola.cz<\/a><\/strong><\/td>\n<\/tr>\n<tr>\n<td><strong>Web:<\/strong><\/td>\n<td><strong><a href=\"http:\/\/www.koukola.cz\/\">www.koukola.cz<\/a><\/strong><\/td>\n<\/tr>\n<\/tbody>\n<\/table>\n<p>[\/vc_column_text][\/vc_column][vc_column width=&#8221;1\/2&#8243;][vc_gmaps link=&#8221;#E-8_JTNDaWZyYW1lJTIwc3JjJTNEJTIyaHR0cHMlM0ElMkYlMkZ3d3cuZ29vZ2xlLmNvbSUyRm1hcHMlMkZlbWJlZCUzRnBiJTNEJTIxMW0xOCUyMTFtMTIlMjExbTMlMjExZDMyMzIuMjQzNTgyOTgxNjI4JTIxMmQxNS45NTc3NDQyMTU5MDU4MDclMjEzZDQ5LjU1MjcyNTU1OTUxOTY4NiUyMTJtMyUyMTFmMCUyMTJmMCUyMTNmMCUyMTNtMiUyMTFpMTAyNCUyMTJpNzY4JTIxNGYxMy4xJTIxM20zJTIxMW0yJTIxMXMweDQ3MGQ3NTQwZGIwNzQ4YzclMjUzQTB4OTAzNDNlNWQ4NzJiNzgwZCUyMTJzS09WTyUyQktvdWtvbGElMkJzLnIuby4lMjE1ZTElMjEzbTIlMjExc2NzJTIxMnNjeiUyMTR2MTUzNzUyNDQ4MTYwOSUyMiUyMHdpZHRoJTNEJTIyNjAwJTIyJTIwaGVpZ2h0JTNEJTIyNDUwJTIyJTIwZnJhbWVib3JkZXIlM0QlMjIwJTIyJTIwc3R5bGUlM0QlMjJib3JkZXIlM0EwJTIyJTIwYWxsb3dmdWxsc2NyZWVuJTNFJTNDJTJGaWZyYW1lJTNF&#8221; css=&#8221;.vc_custom_1537524660609{margin-top: 170px !important;}&#8221;][\/vc_column][\/vc_row]<\/p>\n<\/section>","protected":false},"excerpt":{"rendered":"<p>[vc_row][vc_column width=&#8221;1\/2&#8243;][vc_row_inner][vc_column_inner][vc_column_text] CONTACT [\/vc_column_text][\/vc_column_inner][\/vc_row_inner][vc_row_inner][vc_column_inner][vc_column_text] WORKSHOP, BILLING ADDRESS KOVO Koukola, s.r.o. Jamsk\u00e1 2361\/51 591 01 \u017d\u010f\u00e1r nad S\u00e1zavou Czech Republic ID:\u00a0269 273 06 VAT: CZ 269 273 06 49\u00b033\u20199.092\u2033N, 15\u00b057\u201935.734\u2033E what3words\u00a0: \/\/\/doormat.locater.explores[\/vc_column_text][\/vc_column_inner][\/vc_row_inner][vc_column_text] Koukola Ale\u0161 +420 608 440 144 Koukola Petr +420 608 886 923 Tel.: +420 566 535 019 Tel.: +420 777 990 882 E-mail: kovo@koukola.cz [&hellip;]<\/p>\n","protected":false},"author":2,"featured_media":0,"parent":0,"menu_order":0,"comment_status":"closed","ping_status":"closed","template":"","meta":{"footnotes":""},"class_list":["post-5704","page","type-page","status-publish","hentry"],"_links":{"self":[{"href":"https:\/\/www.koukola.cz\/en\/wp-json\/wp\/v2\/pages\/5704","targetHints":{"allow":["GET"]}}],"collection":[{"href":"https:\/\/www.koukola.cz\/en\/wp-json\/wp\/v2\/pages"}],"about":[{"href":"https:\/\/www.koukola.cz\/en\/wp-json\/wp\/v2\/types\/page"}],"author":[{"embeddable":true,"href":"https:\/\/www.koukola.cz\/en\/wp-json\/wp\/v2\/users\/2"}],"replies":[{"embeddable":true,"href":"https:\/\/www.koukola.cz\/en\/wp-json\/wp\/v2\/comments?post=5704"}],"version-history":[{"count":5,"href":"https:\/\/www.koukola.cz\/en\/wp-json\/wp\/v2\/pages\/5704\/revisions"}],"predecessor-version":[{"id":7427,"href":"https:\/\/www.koukola.cz\/en\/wp-json\/wp\/v2\/pages\/5704\/revisions\/7427"}],"wp:attachment":[{"href":"https:\/\/www.koukola.cz\/en\/wp-json\/wp\/v2\/media?parent=5704"}],"curies":[{"name":"wp","href":"https:\/\/api.w.org\/{rel}","templated":true}]}}